{"id":20,"date":"2024-05-24T12:35:49","date_gmt":"2024-05-24T12:35:49","guid":{"rendered":"https:\/\/www.evomed-group.com\/?page_id=20"},"modified":"2024-05-24T13:46:37","modified_gmt":"2024-05-24T13:46:37","slug":"protocolo-de-actuacion","status":"publish","type":"page","link":"https:\/\/www.evomed-group.com\/en\/protocolo-de-actuacion\/","title":{"rendered":"Protocolo de actuaci\u00f3n"},"content":{"rendered":"<p>[et_pb_section fb_built=\u00bb1&#8243; _builder_version=\u00bb4.24.0&#8243; _module_preset=\u00bbdefault\u00bb global_colors_info=\u00bb{}\u00bb theme_builder_area=\u00bbpost_content\u00bb][et_pb_row _builder_version=\u00bb4.24.0&#8243; _module_preset=\u00bbdefault\u00bb global_colors_info=\u00bb{}\u00bb theme_builder_area=\u00bbpost_content\u00bb][et_pb_column type=\u00bb4_4&#8243; _builder_version=\u00bb4.24.0&#8243; _module_preset=\u00bbdefault\u00bb global_colors_info=\u00bb{}\u00bb theme_builder_area=\u00bbpost_content\u00bb][et_pb_text _builder_version=\u00bb4.24.0&#8243; _module_preset=\u00bbdefault\u00bb global_colors_info=\u00bb{}\u00bb theme_builder_area=\u00bbpost_content\u00bb]<\/p>\n<p>1.- DECLARACI\u00d3N DE PRINCIPIOS<br \/>EVOMED, S.L.U. hace p\u00fablico su compromiso con el objetivo de fomentar y mantener un entorno de trabajo seguro y respetuoso con la dignidad, la libertad individual y los derechos fundamentales de todas las personas que integran nuestra organizaci\u00f3n.<br \/>De acuerdo con este compromiso, EVOMED, S.L.U. declara que las actitudes de acoso sexual y acoso por raz\u00f3n de sexo representan un atentado grave contra la dignidad de las personas y de sus derechos fundamentales.<br \/>Por lo tanto, EVOMED, S.L.U. se compromete a:<\/p>\n<p>Rechazar todo tipo de conductas constitutivas de acoso sexual y de acoso por raz\u00f3n de sexo, en todas sus formas y modalidades, sin atender a qui\u00e9n sea la v\u00edctima o la persona que lleva a cabo tales conductas, ni cual sea su situaci\u00f3n en la empresa y su compromiso con que todos los empleados reciban un trato respetuoso y digno.<\/p>\n<p>Asimismo, la empresa rechaza el uso de datos personales para la realizaci\u00f3n de conductas de acoso sexual y acoso por raz\u00f3n de sexo, as\u00ed como cualquier otro uso o tratamiento que sea contrario al derecho a la privacidad e intimidad o que suponga una actuaci\u00f3n que tenga como fin faltar al respeto, degradar o humillar a sus empleados.<\/p>\n<p>No ignorar las quejas, reclamaciones y denuncias de los casos de acoso sexual y acoso por raz\u00f3n de sexo que se puedan producir en la empresa.<\/p>\n<p>Recibir y tramitar de forma rigurosa y r\u00e1pida, as\u00ed como con las debidas garant\u00edas de seguridad jur\u00eddica, confidencialidad, imparcialidad y derecho de defensa de las personas implicadas, todas las quejas, reclamaciones y denuncias que pudieran producirse.<\/p>\n<p>Garantizar que no se producir\u00e1 ning\u00fan tipo de represalia ni contra las personas que formulen quejas, reclamaciones o denuncias, ni contra aquellas que participen en su proceso de resoluci\u00f3n.<\/p>\n<p>Sancionar a las personas que acosen en funci\u00f3n de las circunstancias y condicionamientos de su comportamiento o actitud.<br \/>Para la consecuci\u00f3n efectiva de este compromiso es necesario que todas y cada una de las personas que integran nuestra empresa, y en especial de aquellas que ocupan puestos directivos y de mandos intermedios, asuman las siguientes responsabilidades:<\/p>\n<p>Tratar a todas las personas con las que se mantengan relaciones por motivos de trabajo (proveedores, clientes, personal colaborador externo, etc.) con respeto a su dignidad y a sus derechos fundamentales.<\/p>\n<p>Evitar comportamientos, actitudes o acciones que son o puedan ser ofensivas, humillantes, degradantes, molestas, intimidatorias u hostiles.<\/p>\n<p>Actuar adecuadamente frente a esos comportamientos, actitudes o acciones: no ignor\u00e1ndolos, no toler\u00e1ndolos, manifestando su desacuerdo, impidiendo que se repitan o se agraven, comunic\u00e1ndolos a las personas designadas al efecto, as\u00ed como prestando apoyo a las personas que los sufren.<\/p>\n<ul>\n<li>El dise\u00f1o e implantaci\u00f3n del \u201cPROTOCOLO DE ACTUACI\u00d3N PARA LA PREVENCI\u00d3N Y SANCI\u00d3N DEL ACOSO SEXUAL Y POR RAZ\u00d3N DE SEXO\u201d implica el desarrollo de las siguientes medidas:\n<p>Difusi\u00f3n y distribuci\u00f3n entre todo el personal de la empresa del protocolo de prevenci\u00f3n y actuaci\u00f3n frente al acoso sexual y el acoso por raz\u00f3n de sexo.<\/p>\n<p>Realizaci\u00f3n de campa\u00f1as informativas y de sensibilizaci\u00f3n en materia de prevenci\u00f3n del acoso sexual y del acoso por raz\u00f3n de sexo a toda la plantilla de la empresa, as\u00ed como al personal que se incorpore a la empresa.<\/p>\n<p>Designaci\u00f3n de una persona, con habilidades sociales para la recepci\u00f3n, tramitaci\u00f3n y resoluci\u00f3n de las quejas, reclamaciones y denuncias en esta materia.<\/p>\n<p>Evaluaci\u00f3n y seguimiento, con car\u00e1cter peri\u00f3dico, del desarrollo, funcionamiento y efectividad del protocolo de prevenci\u00f3n y actuaci\u00f3n frente al acoso sexual y el acoso por raz\u00f3n de sexo.<br \/>En el desarrollo e implantaci\u00f3n de estas medidas se contar\u00e1 con la participaci\u00f3n y colaboraci\u00f3n del Departamento de Calidad.<br \/>Contenidos del Protocolo:<br \/>Definiciones de acoso sexual y por raz\u00f3n de sexo.<\/li>\n<li>Tipolog\u00edas de acoso sexual.<\/li>\n<li>Tipolog\u00edas de acoso por raz\u00f3n de sexo.<br \/>Sanciones disciplinarias.<\/li>\n<li>Tipos de procedimientos y formas de actuaci\u00f3n ante una situaci\u00f3n de acoso sexual.<\/li>\n<li>Modelo de denuncia.\n<p>Compromiso de confidencialidad de las personas que intervienen en el proceso de tramitaci\u00f3n y resoluci\u00f3n de las denuncias por acoso sexual y por raz\u00f3n de sexo.<br \/>Firmado en Ajalvir a 1 de noviembre de 2021.<br \/>Por el Administrador de la empresa EVOMED, S.L.U.<\/li>\n<\/ul>\n<p>[\/et_pb_text][\/et_pb_column][\/et_pb_row][\/et_pb_section]<\/p>","protected":false},"excerpt":{"rendered":"<p>1.- DECLARACI\u00d3N DE PRINCIPIOSEVOMED, S.L.U. hace p\u00fablico su compromiso con el objetivo de fomentar y mantener un entorno de trabajo seguro y respetuoso con la dignidad, la libertad individual y los derechos fundamentales de todas las personas que integran nuestra organizaci\u00f3n.De acuerdo con este compromiso, EVOMED, S.L.U. declara que las actitudes de acoso sexual y [&hellip;]<\/p>","protected":false},"author":1,"featured_media":0,"parent":0,"menu_order":0,"comment_status":"closed","ping_status":"closed","template":"","meta":{"_et_pb_use_builder":"on","_et_pb_old_content":"<!-- wp:divi\/placeholder \/-->","_et_gb_content_width":"","footnotes":""},"class_list":["post-20","page","type-page","status-publish","hentry"],"yoast_head":"<!-- This site is optimized with the Yoast SEO plugin v25.5 - https:\/\/yoast.com\/wordpress\/plugins\/seo\/ -->\n<title>Protocolo de actuaci\u00f3n - Evomed Group<\/title>\n<meta name=\"robots\" content=\"index, follow, max-snippet:-1, max-image-preview:large, max-video-preview:-1\" \/>\n<link rel=\"canonical\" href=\"https:\/\/www.evomed-group.com\/en\/protocolo-de-actuacion\/\" \/>\n<meta property=\"og:locale\" content=\"en_GB\" \/>\n<meta property=\"og:type\" content=\"article\" \/>\n<meta property=\"og:title\" content=\"Protocolo de actuaci\u00f3n - Evomed Group\" \/>\n<meta property=\"og:description\" content=\"1.- DECLARACI\u00d3N DE PRINCIPIOSEVOMED, S.L.U. hace p\u00fablico su compromiso con el objetivo de fomentar y mantener un entorno de trabajo seguro y respetuoso con la dignidad, la libertad individual y los derechos fundamentales de todas las personas que integran nuestra organizaci\u00f3n.De acuerdo con este compromiso, EVOMED, S.L.U. declara que las actitudes de acoso sexual y [&hellip;]\" \/>\n<meta property=\"og:url\" content=\"https:\/\/www.evomed-group.com\/en\/protocolo-de-actuacion\/\" \/>\n<meta property=\"og:site_name\" content=\"Evomed Group\" \/>\n<meta property=\"article:modified_time\" content=\"2024-05-24T13:46:37+00:00\" \/>\n<meta name=\"twitter:card\" content=\"summary_large_image\" \/>\n<meta name=\"twitter:label1\" content=\"Estimated reading time\" \/>\n\t<meta name=\"twitter:data1\" content=\"4 minutes\" \/>\n<script type=\"application\/ld+json\" class=\"yoast-schema-graph\">{\"@context\":\"https:\/\/schema.org\",\"@graph\":[{\"@type\":\"WebPage\",\"@id\":\"https:\/\/www.evomed-group.com\/protocolo-de-actuacion\/\",\"url\":\"https:\/\/www.evomed-group.com\/protocolo-de-actuacion\/\",\"name\":\"Protocolo de actuaci\u00f3n - Evomed Group\",\"isPartOf\":{\"@id\":\"https:\/\/www.evomed-group.com\/#website\"},\"datePublished\":\"2024-05-24T12:35:49+00:00\",\"dateModified\":\"2024-05-24T13:46:37+00:00\",\"breadcrumb\":{\"@id\":\"https:\/\/www.evomed-group.com\/protocolo-de-actuacion\/#breadcrumb\"},\"inLanguage\":\"en-GB\",\"potentialAction\":[{\"@type\":\"ReadAction\",\"target\":[\"https:\/\/www.evomed-group.com\/protocolo-de-actuacion\/\"]}]},{\"@type\":\"BreadcrumbList\",\"@id\":\"https:\/\/www.evomed-group.com\/protocolo-de-actuacion\/#breadcrumb\",\"itemListElement\":[{\"@type\":\"ListItem\",\"position\":1,\"name\":\"Portada\",\"item\":\"https:\/\/www.evomed-group.com\/\"},{\"@type\":\"ListItem\",\"position\":2,\"name\":\"Protocolo de actuaci\u00f3n\"}]},{\"@type\":\"WebSite\",\"@id\":\"https:\/\/www.evomed-group.com\/#website\",\"url\":\"https:\/\/www.evomed-group.com\/\",\"name\":\"Evomed Group\",\"description\":\"L\u00edderes en el sector de la salud\",\"potentialAction\":[{\"@type\":\"SearchAction\",\"target\":{\"@type\":\"EntryPoint\",\"urlTemplate\":\"https:\/\/www.evomed-group.com\/?s={search_term_string}\"},\"query-input\":{\"@type\":\"PropertyValueSpecification\",\"valueRequired\":true,\"valueName\":\"search_term_string\"}}],\"inLanguage\":\"en-GB\"}]}<\/script>\n<!-- \/ Yoast SEO plugin. -->","yoast_head_json":{"title":"Protocolo de actuaci\u00f3n - Evomed Group","robots":{"index":"index","follow":"follow","max-snippet":"max-snippet:-1","max-image-preview":"max-image-preview:large","max-video-preview":"max-video-preview:-1"},"canonical":"https:\/\/www.evomed-group.com\/en\/protocolo-de-actuacion\/","og_locale":"en_GB","og_type":"article","og_title":"Protocolo de actuaci\u00f3n - Evomed Group","og_description":"1.- DECLARACI\u00d3N DE PRINCIPIOSEVOMED, S.L.U. hace p\u00fablico su compromiso con el objetivo de fomentar y mantener un entorno de trabajo seguro y respetuoso con la dignidad, la libertad individual y los derechos fundamentales de todas las personas que integran nuestra organizaci\u00f3n.De acuerdo con este compromiso, EVOMED, S.L.U. declara que las actitudes de acoso sexual y [&hellip;]","og_url":"https:\/\/www.evomed-group.com\/en\/protocolo-de-actuacion\/","og_site_name":"Evomed Group","article_modified_time":"2024-05-24T13:46:37+00:00","twitter_card":"summary_large_image","twitter_misc":{"Estimated reading time":"4 minutes"},"schema":{"@context":"https:\/\/schema.org","@graph":[{"@type":"WebPage","@id":"https:\/\/www.evomed-group.com\/protocolo-de-actuacion\/","url":"https:\/\/www.evomed-group.com\/protocolo-de-actuacion\/","name":"Protocolo de actuaci\u00f3n - Evomed Group","isPartOf":{"@id":"https:\/\/www.evomed-group.com\/#website"},"datePublished":"2024-05-24T12:35:49+00:00","dateModified":"2024-05-24T13:46:37+00:00","breadcrumb":{"@id":"https:\/\/www.evomed-group.com\/protocolo-de-actuacion\/#breadcrumb"},"inLanguage":"en-GB","potentialAction":[{"@type":"ReadAction","target":["https:\/\/www.evomed-group.com\/protocolo-de-actuacion\/"]}]},{"@type":"BreadcrumbList","@id":"https:\/\/www.evomed-group.com\/protocolo-de-actuacion\/#breadcrumb","itemListElement":[{"@type":"ListItem","position":1,"name":"Portada","item":"https:\/\/www.evomed-group.com\/"},{"@type":"ListItem","position":2,"name":"Protocolo de actuaci\u00f3n"}]},{"@type":"WebSite","@id":"https:\/\/www.evomed-group.com\/#website","url":"https:\/\/www.evomed-group.com\/","name":"Evomed Group","description":"L\u00edderes en el sector de la salud","potentialAction":[{"@type":"SearchAction","target":{"@type":"EntryPoint","urlTemplate":"https:\/\/www.evomed-group.com\/?s={search_term_string}"},"query-input":{"@type":"PropertyValueSpecification","valueRequired":true,"valueName":"search_term_string"}}],"inLanguage":"en-GB"}]}},"_links":{"self":[{"href":"https:\/\/www.evomed-group.com\/en\/wp-json\/wp\/v2\/pages\/20","targetHints":{"allow":["GET"]}}],"collection":[{"href":"https:\/\/www.evomed-group.com\/en\/wp-json\/wp\/v2\/pages"}],"about":[{"href":"https:\/\/www.evomed-group.com\/en\/wp-json\/wp\/v2\/types\/page"}],"author":[{"embeddable":true,"href":"https:\/\/www.evomed-group.com\/en\/wp-json\/wp\/v2\/users\/1"}],"replies":[{"embeddable":true,"href":"https:\/\/www.evomed-group.com\/en\/wp-json\/wp\/v2\/comments?post=20"}],"version-history":[{"count":3,"href":"https:\/\/www.evomed-group.com\/en\/wp-json\/wp\/v2\/pages\/20\/revisions"}],"predecessor-version":[{"id":56,"href":"https:\/\/www.evomed-group.com\/en\/wp-json\/wp\/v2\/pages\/20\/revisions\/56"}],"wp:attachment":[{"href":"https:\/\/www.evomed-group.com\/en\/wp-json\/wp\/v2\/media?parent=20"}],"curies":[{"name":"wp","href":"https:\/\/api.w.org\/{rel}","templated":true}]}}